{"id":4631,"date":"2021-03-23T12:55:48","date_gmt":"2021-03-23T11:55:48","guid":{"rendered":"https:\/\/globalcoachings.com\/?post_type=product&#038;p=4631"},"modified":"2023-05-02T19:20:20","modified_gmt":"2023-05-02T17:20:20","slug":"prixseance","status":"publish","type":"product","link":"https:\/\/globalcoachings.com\/index.php\/produit\/prixseance\/","title":{"rendered":"Prix S\u00e9ance"},"content":{"rendered":"<h4 class=\"single-title\" style=\"text-align: center;\">Le coaching, un appui concret pour votre accroissement<\/h4>\n<h6>Pour Dirigeants \/ Managers \/ Employ\u00e9s \/ Hauts potentiels<\/h6>\n<h6>Le coaching <span class=\"Apple-style-span\">individuel professionnel <\/span>r\u00e9pond \u00e0 des demandes personnalis\u00e9es du coach\u00e9 ou de sa hi\u00e9rarchie pour l&rsquo;accompagner dans diff\u00e9rentes <span class=\"Apple-style-span\">situations<\/span> ou <span class=\"Apple-style-span\">\u00e9volutions<\/span> professionnelles.<\/h6>\n<h6>&#8211; \u00c9volution de carri\u00e8re,<br \/>\n&#8211; Prise de poste<br \/>\n&#8211; Management<br \/>\n&#8211; Relations interpersonnelles<br \/>\n&#8211; Pr\u00e9vention du burn out<br \/>\n&#8211; Gestion du temps&#8230;<\/h6>\n","protected":false},"excerpt":{"rendered":"<h4 class=\"single-title\" style=\"text-align: center;\">Le coaching, un appui concret pour votre accroissement<\/h4>\n<h6>D\u00e9veloppez votre potentiel <em class=\"hcV4Re nkGKTb\">professionnel au cours d&rsquo;une s\u00e9ance de Pro-Coaching<\/em>.<\/h6>\n","protected":false},"featured_media":5086,"template":"","meta":{"_monsterinsights_skip_tracking":false,"_monsterinsights_sitenote_active":false,"_monsterinsights_sitenote_note":"","_monsterinsights_sitenote_category":0},"product_brand":[],"product_cat":[104],"product_tag":[],"class_list":{"0":"post-4631","1":"product","2":"type-product","3":"status-publish","4":"has-post-thumbnail","6":"product_cat-offre-pour-professionnels","8":"first","9":"instock","10":"virtual","11":"purchasable","12":"product-type-simple"},"_links":{"self":[{"href":"https:\/\/globalcoachings.com\/index.php\/wp-json\/wp\/v2\/product\/4631","targetHints":{"allow":["GET"]}}],"collection":[{"href":"https:\/\/globalcoachings.com\/index.php\/wp-json\/wp\/v2\/product"}],"about":[{"href":"https:\/\/globalcoachings.com\/index.php\/wp-json\/wp\/v2\/types\/product"}],"wp:featuredmedia":[{"embeddable":true,"href":"https:\/\/globalcoachings.com\/index.php\/wp-json\/wp\/v2\/media\/5086"}],"wp:attachment":[{"href":"https:\/\/globalcoachings.com\/index.php\/wp-json\/wp\/v2\/media?parent=4631"}],"wp:term":[{"taxonomy":"product_brand","embeddable":true,"href":"https:\/\/globalcoachings.com\/index.php\/wp-json\/wp\/v2\/product_brand?post=4631"},{"taxonomy":"product_cat","embeddable":true,"href":"https:\/\/globalcoachings.com\/index.php\/wp-json\/wp\/v2\/product_cat?post=4631"},{"taxonomy":"product_tag","embeddable":true,"href":"https:\/\/globalcoachings.com\/index.php\/wp-json\/wp\/v2\/product_tag?post=4631"}],"curies":[{"name":"wp","href":"https:\/\/api.w.org\/{rel}","templated":true}]}}