{"id":4064,"date":"2020-11-09T12:07:09","date_gmt":"2020-11-09T11:07:09","guid":{"rendered":"https:\/\/globalcoachings.com\/?page_id=4064"},"modified":"2020-11-19T14:48:55","modified_gmt":"2020-11-19T13:48:55","slug":"inscription-newsletter","status":"publish","type":"page","link":"https:\/\/globalcoachings.com\/index.php\/inscription-newsletter\/","title":{"rendered":"Inscription newsletter"},"content":{"rendered":"<p><!-- Begin Sendinblue Form --><br \/>\n<!-- START - We recommend to place the below code in head tag of your website html --><\/p>\n<style>\n  @font-face {<br \/>\n    font-display: block;<br \/>\n    font-family: Roboto;<br \/>\n    src: url(https:\/\/assets.sendinblue.com\/font\/Roboto\/Latin\/normal\/normal\/7529907e9eaf8ebb5220c5f9850e3811.woff2) format(\"woff2\"), url(https:\/\/assets.sendinblue.com\/font\/Roboto\/Latin\/normal\/normal\/25c678feafdc175a70922a116c9be3e7.woff) format(\"woff\")<br \/>\n  }<\/p>\n<p>  @font-face {<br \/>\n    font-display: fallback;<br \/>\n    font-family: Roboto;<br \/>\n    font-weight: 600;<br \/>\n    src: url(https:\/\/assets.sendinblue.com\/font\/Roboto\/Latin\/medium\/normal\/6e9caeeafb1f3491be3e32744bc30440.woff2) format(\"woff2\"), url(https:\/\/assets.sendinblue.com\/font\/Roboto\/Latin\/medium\/normal\/71501f0d8d5aa95960f6475d5487d4c2.woff) format(\"woff\")<br \/>\n  }<\/p>\n<p>  @font-face {<br \/>\n    font-display: fallback;<br \/>\n    font-family: Roboto;<br \/>\n    font-weight: 700;<br \/>\n    src: url(https:\/\/assets.sendinblue.com\/font\/Roboto\/Latin\/bold\/normal\/3ef7cf158f310cf752d5ad08cd0e7e60.woff2) format(\"woff2\"), url(https:\/\/assets.sendinblue.com\/font\/Roboto\/Latin\/bold\/normal\/ece3a1d82f18b60bcce0211725c476aa.woff) format(\"woff\")<br \/>\n  }<\/p>\n<p>  #sib-container input:-ms-input-placeholder {<br \/>\n    text-align: left;<br \/>\n    font-family: \"Helvetica\", sans-serif;<br \/>\n    color: #c0ccda;<br \/>\n  }<\/p>\n<p>  #sib-container input::placeholder {<br \/>\n    text-align: left;<br \/>\n    font-family: \"Helvetica\", sans-serif;<br \/>\n    color: #c0ccda;<br \/>\n  }<br \/>\n<\/style>\n<p><!-- END - We recommend to place the above code in head tag of your website html --><\/p>\n<p><!-- START - We recommend to place the below code where you want the form in your website html --><\/p>\n<div class=\"sib-form\" style=\"text-align: center; background-color: #ffffff;\">\n<div id=\"sib-form-container\" class=\"sib-form-container\">\n<div id=\"sib-container\" class=\"sib-container--large sib-container--vertical\" style=\"text-align: center; background-color: rgba(255,255,255,1); max-width: 540px; border-radius: 3px; border: 1px solid #C0CCD9;\">\n<form id=\"sib-form\" action=\"https:\/\/69c2351c.sibforms.com\/serve\/MUIEAKJM5XKIqaYkQIi5IiUkyWBu4R1QIsVECt50SR-LwQvPZ_nV4iv4jMrrDCTYUZfxs9m8sSbON2o5rT4959UVYcezciGUgDV2CpOK__ih05UcHd3XdpQXz-l4R9yFSAB4wgqMkcNcZEbISlBrxX-e229BpjNzxI0L11LthqVYhUoNIQO4Zf961SmbHJ3Crg8UjLNkLAqCITGN\" method=\"POST\">\n<div style=\"padding: 8px 0;\">\n<div class=\"sib-form-block sib-image-form-block\" style=\"text-align: center;\"><img class=\"lazyload\" decoding=\"async\" style=\"width: 78px; height: 50px;\" title=\"\" src=\"data:image\/gif;base64,R0lGODlhAQABAAAAACH5BAEKAAEALAAAAAABAAEAAAICTAEAOw==\" data-orig-src=\"https:\/\/img.mailinblue.com\/3253474\/images\/rnb\/original\/5fa91941e80cb8455d5f4be8.jpg\" alt=\"\" \/><\/div>\n<\/div>\n<div style=\"padding: 8px 0;\">\n<div class=\"sib-form-block\" style=\"font-size: 16px; text-align: center; font-weight: bold; font-family: 'Helvetica', sans-serif; color: #3c4858; background-color: transparent;\">\n<div class=\"sib-text-form-block\">\n<p>Inscrivez-vous \u00e0 notre newsletter pour suivre nos actualit\u00e9s.<\/p>\n<\/div>\n<\/div>\n<\/div>\n<div style=\"padding: 8px 0;\">\n<div class=\"sib-input sib-form-block\">\n<div class=\"form__entry entry_block\">\n<div class=\"form__label-row \">\n<div class=\"entry__field\"><input id=\"NOM\" class=\"input\" autocomplete=\"off\" maxlength=\"200\" name=\"NOM\" required=\"\" type=\"text\" placeholder=\"NOM\" data-required=\"true\" \/><\/div>\n<\/div>\n<p><label class=\"entry__error entry__error--primary\" style=\"font-size: 16px; text-align: left; font-family: 'Helvetica', sans-serif; color: #661d1d; background-color: #ffeded; border-radius: 3px; border-color: #ff4949;\">\u00a0<\/label><\/p>\n<\/div>\n<\/div>\n<\/div>\n<div style=\"padding: 8px 0;\">\n<div class=\"sib-input sib-form-block\">\n<div class=\"form__entry entry_block\">\n<div class=\"form__label-row \">\n<div class=\"entry__field\"><input id=\"PRENOM\" class=\"input\" autocomplete=\"off\" maxlength=\"200\" name=\"PRENOM\" required=\"\" type=\"text\" placeholder=\"PRENOM\" data-required=\"true\" \/><\/div>\n<\/div>\n<p><label class=\"entry__error entry__error--primary\" style=\"font-size: 16px; text-align: left; font-family: 'Helvetica', sans-serif; color: #661d1d; background-color: #ffeded; border-radius: 3px; border-color: #ff4949;\">\u00a0<\/label><\/p>\n<\/div>\n<\/div>\n<\/div>\n<div style=\"padding: 8px 0;\">\n<div class=\"sib-input sib-form-block\">\n<div class=\"form__entry entry_block\">\n<div class=\"form__label-row \"><label class=\"entry__label\" style=\"font-size: 16px; text-align: left; font-weight: bold; font-family: 'Helvetica', sans-serif; color: #3c4858;\" for=\"EMAIL\" data-required=\"*\"><br \/>\nVeuillez renseigner votre adresse email pour vous inscrire<br \/>\n<\/label><\/p>\n<div class=\"entry__field\"><input id=\"EMAIL\" class=\"input\" autocomplete=\"off\" name=\"EMAIL\" required=\"\" type=\"text\" placeholder=\"EMAIL\" data-required=\"true\" \/><\/div>\n<\/div>\n<p><label class=\"entry__error entry__error--primary\" style=\"font-size: 16px; text-align: left; font-family: 'Helvetica', sans-serif; color: #661d1d; background-color: #ffeded; border-radius: 3px; border-color: #ff4949;\"><br \/>\n<\/label><br \/>\n<label class=\"entry__specification\" style=\"font-size: 12px; text-align: left; font-family: 'Helvetica', sans-serif; color: #8390a4;\"><br \/>\nVeuillez renseigner votre adresse email pour vous inscrire. Ex. : abc@xyz.com<br \/>\n<\/label><\/p>\n<\/div>\n<\/div>\n<\/div>\n<div style=\"padding: 8px 0;\">\n<div class=\"sib-optin sib-form-block\">\n<div class=\"form__entry entry_mcq\">\n<div class=\"form__label-row \">\n<div class=\"entry__choice\"><label><label><br \/>\n<input id=\"OPT_IN\" class=\"input_replaced\" name=\"OPT_IN\" type=\"checkbox\" value=\"1\" \/><br \/>\n<\/label><\/label>J&rsquo;accepte de recevoir vos e-mails et confirme avoir pris connaissance de votre politique de confidentialit\u00e9 et mentions l\u00e9gales.<\/p>\n<p>&nbsp;<\/p>\n<\/div>\n<\/div>\n<p><label class=\"entry__error entry__error--primary\" style=\"font-size: 16px; text-align: left; font-family: 'Helvetica', sans-serif; color: #661d1d; background-color: #ffeded; border-radius: 3px; border-color: #ff4949;\"><br \/>\n<\/label><br \/>\n<label class=\"entry__specification\" style=\"font-size: 12px; text-align: left; font-family: 'Helvetica', sans-serif; color: #8390a4;\"><br \/>\nVous pouvez vous d\u00e9sinscrire \u00e0 tout moment en cliquant sur le lien pr\u00e9sent dans nos emails.<br \/>\n<\/label><\/p>\n<\/div>\n<\/div>\n<\/div>\n<div style=\"padding: 8px 0;\">\n<div class=\"sib-form__declaration\">\n<div class=\"declaration-block-icon\">\n<\/div>\n<p style=\"font-size: 14px; text-align: left; font-family: 'Helvetica', sans-serif; color: #687484; background-color: transparent;\">Nous utilisons Sendinblue en tant que plateforme marketing. En soumettant ce formulaire, vous reconnaissez que les informations que vous allez fournir seront transmises \u00e0 Sendinblue en sa qualit\u00e9 de processeur de donn\u00e9es; et ce conform\u00e9ment \u00e0 ses<br \/>\n<a class=\"clickable_link\" href=\"https:\/\/fr.sendinblue.com\/legal\/termsofuse\/\" target=\"_blank\" rel=\"noopener noreferrer\">conditions g\u00e9n\u00e9rales d&rsquo;utilisation<\/a>.<\/p>\n<\/div>\n<\/div>\n<div style=\"padding: 8px 0;\">\n<div class=\"sib-form-block\" style=\"text-align: center;\"><button class=\"sib-form-block__button sib-form-block__button-with-loader\" style=\"font-size: 14px; text-align: center; font-weight: bold; font-family: 'Helvetica', sans-serif; color: #ffffff; background-color: #3e4857; border-radius: 1px; border-width: 0px;\" form=\"sib-form\" type=\"submit\"><\/p>\n<p>S&rsquo;INSCRIRE<br \/>\n<\/button><\/div>\n<\/div>\n<p><input class=\"input--hidden\" name=\"email_address_check\" type=\"text\" value=\"\" \/><br \/>\n<input name=\"locale\" type=\"hidden\" value=\"fr\" \/><br \/>\n<input name=\"html_type\" type=\"hidden\" value=\"simple\" \/><\/p>\n<\/form>\n<\/div>\n<\/div>\n<\/div>\n<p><!-- END - We recommend to place the below code where you want the form in your website html --><br \/>\n<!-- End Sendinblue Form --><\/p>\n","protected":false},"excerpt":{"rendered":"<p>Inscrivez-vous \u00e0 notre newsletter pour suivre nos actualit\u00e9s. \u00a0 \u00a0 [&hellip;]<\/p>\n","protected":false},"author":1,"featured_media":0,"parent":0,"menu_order":0,"comment_status":"closed","ping_status":"closed","template":"","meta":{"_monsterinsights_skip_tracking":false,"_monsterinsights_sitenote_active":false,"_monsterinsights_sitenote_note":"","_monsterinsights_sitenote_category":0,"footnotes":""},"class_list":["post-4064","page","type-page","status-publish","hentry"],"_links":{"self":[{"href":"https:\/\/globalcoachings.com\/index.php\/wp-json\/wp\/v2\/pages\/4064","targetHints":{"allow":["GET"]}}],"collection":[{"href":"https:\/\/globalcoachings.com\/index.php\/wp-json\/wp\/v2\/pages"}],"about":[{"href":"https:\/\/globalcoachings.com\/index.php\/wp-json\/wp\/v2\/types\/page"}],"author":[{"embeddable":true,"href":"https:\/\/globalcoachings.com\/index.php\/wp-json\/wp\/v2\/users\/1"}],"replies":[{"embeddable":true,"href":"https:\/\/globalcoachings.com\/index.php\/wp-json\/wp\/v2\/comments?post=4064"}],"version-history":[{"count":8,"href":"https:\/\/globalcoachings.com\/index.php\/wp-json\/wp\/v2\/pages\/4064\/revisions"}],"predecessor-version":[{"id":4275,"href":"https:\/\/globalcoachings.com\/index.php\/wp-json\/wp\/v2\/pages\/4064\/revisions\/4275"}],"wp:attachment":[{"href":"https:\/\/globalcoachings.com\/index.php\/wp-json\/wp\/v2\/media?parent=4064"}],"curies":[{"name":"wp","href":"https:\/\/api.w.org\/{rel}","templated":true}]}}